{"id":22,"date":"2024-05-28T03:50:34","date_gmt":"2024-05-28T03:50:34","guid":{"rendered":"https:\/\/designhubpe.com\/offering\/"},"modified":"2024-09-30T10:23:21","modified_gmt":"2024-09-30T10:23:21","slug":"servicios","status":"publish","type":"page","link":"https:\/\/designhubpe.com\/en\/servicios\/","title":{"rendered":"Services"},"content":{"rendered":"<div data-elementor-type=\"wp-page\" data-elementor-id=\"22\" class=\"elementor elementor-22\" data-elementor-post-type=\"page\">\n\t\t\t\t<div class=\"elementor-element elementor-element-7b2d73a e-flex e-con-boxed e-con e-parent\" data-id=\"7b2d73a\" data-element_type=\"container\" data-e-type=\"container\" data-settings=\"{&quot;background_background&quot;:&quot;classic&quot;}\">\n\t\t\t\t\t<div class=\"e-con-inner\">\n\t\t\t\t<div class=\"elementor-element elementor-element-b51bdd1 elementor-widget elementor-widget-heading\" data-id=\"b51bdd1\" data-element_type=\"widget\" data-e-type=\"widget\" data-widget_type=\"heading.default\">\n\t\t\t\t<div class=\"elementor-widget-container\">\n\t\t\t\t\t<h1 class=\"elementor-heading-title elementor-size-default\">Creative solutions in Web Design &amp; Digital Marketing to make your brand shine<\/h1>\t\t\t\t<\/div>\n\t\t\t\t<\/div>\n\t\t\t\t\t<\/div>\n\t\t\t\t<\/div>\n\t\t<div class=\"elementor-element elementor-element-13ab1e5 e-flex e-con-boxed elementor-invisible e-con e-parent\" data-id=\"13ab1e5\" data-element_type=\"container\" data-e-type=\"container\" data-settings=\"{&quot;animation&quot;:&quot;slideInLeft&quot;}\">\n\t\t\t\t\t<div class=\"e-con-inner\">\n\t\t<div class=\"elementor-element elementor-element-3970457 e-con-full e-flex e-con e-child\" data-id=\"3970457\" data-element_type=\"container\" data-e-type=\"container\">\n\t\t<div class=\"elementor-element elementor-element-2ecf451 e-con-full e-flex e-con e-child\" data-id=\"2ecf451\" data-element_type=\"container\" data-e-type=\"container\">\n\t\t\t\t<div class=\"elementor-element elementor-element-6a6f19a elementor-widget elementor-widget-heading\" data-id=\"6a6f19a\" data-element_type=\"widget\" data-e-type=\"widget\" data-widget_type=\"heading.default\">\n\t\t\t\t<div class=\"elementor-widget-container\">\n\t\t\t\t\t<div class=\"elementor-heading-title elementor-size-default\">01<\/div>\t\t\t\t<\/div>\n\t\t\t\t<\/div>\n\t\t\t\t<div class=\"elementor-element elementor-element-ccec2e8 elementor-widget elementor-widget-image-box\" data-id=\"ccec2e8\" data-element_type=\"widget\" data-e-type=\"widget\" data-widget_type=\"image-box.default\">\n\t\t\t\t<div class=\"elementor-widget-container\">\n\t\t\t\t\t<div class=\"elementor-image-box-wrapper\"><div class=\"elementor-image-box-content\"><h2 class=\"elementor-image-box-title\">Logo Design<\/h2><p class=\"elementor-image-box-description\">We create unique and memorable logos that represent the essence of your brand.<\/p><\/div><\/div>\t\t\t\t<\/div>\n\t\t\t\t<\/div>\n\t\t\t\t<\/div>\n\t\t<div class=\"elementor-element elementor-element-a167c94 e-con-full e-flex e-con e-child\" data-id=\"a167c94\" data-element_type=\"container\" data-e-type=\"container\">\n\t\t\t\t<div class=\"elementor-element elementor-element-8c9a1dd elementor-widget elementor-widget-image\" data-id=\"8c9a1dd\" data-element_type=\"widget\" data-e-type=\"widget\" data-widget_type=\"image.default\">\n\t\t\t\t<div class=\"elementor-widget-container\">\n\t\t\t\t\t\t\t\t\t\t\t\t\t\t\t<img fetchpriority=\"high\" decoding=\"async\" width=\"420\" height=\"480\" src=\"https:\/\/designhubpe.com\/wp-content\/uploads\/2024\/06\/1.png\" class=\"attachment-full size-full wp-image-539\" alt=\"\" srcset=\"https:\/\/designhubpe.com\/wp-content\/uploads\/2024\/06\/1.png 420w, https:\/\/designhubpe.com\/wp-content\/uploads\/2024\/06\/1-263x300.png 263w\" sizes=\"(max-width: 420px) 100vw, 420px\" \/>\t\t\t\t\t\t\t\t\t\t\t\t\t\t\t<\/div>\n\t\t\t\t<\/div>\n\t\t\t\t<\/div>\n\t\t\t\t<\/div>\n\t\t<div class=\"elementor-element elementor-element-34cd3a6 e-con-full e-flex e-con e-child\" data-id=\"34cd3a6\" data-element_type=\"container\" data-e-type=\"container\">\n\t\t<div class=\"elementor-element elementor-element-e1d6917 e-con-full e-flex e-con e-child\" data-id=\"e1d6917\" data-element_type=\"container\" data-e-type=\"container\">\n\t\t\t\t<div class=\"elementor-element elementor-element-0b4be3b elementor-widget elementor-widget-heading\" data-id=\"0b4be3b\" data-element_type=\"widget\" data-e-type=\"widget\" data-widget_type=\"heading.default\">\n\t\t\t\t<div class=\"elementor-widget-container\">\n\t\t\t\t\t<div class=\"elementor-heading-title elementor-size-default\">02<\/div>\t\t\t\t<\/div>\n\t\t\t\t<\/div>\n\t\t\t\t<div class=\"elementor-element elementor-element-100a73f elementor-widget elementor-widget-image-box\" data-id=\"100a73f\" data-element_type=\"widget\" data-e-type=\"widget\" data-widget_type=\"image-box.default\">\n\t\t\t\t<div class=\"elementor-widget-container\">\n\t\t\t\t\t<div class=\"elementor-image-box-wrapper\"><div class=\"elementor-image-box-content\"><h2 class=\"elementor-image-box-title\">Desarrollo de p\u00e1ginas web<\/h2><p class=\"elementor-image-box-description\">We design and develop attractive, functional and adaptable websites to improve your online presence.<br><br>We work with WordPress, HTML, CSS, Javascript, Angular and more programming languages.<\/p><\/div><\/div>\t\t\t\t<\/div>\n\t\t\t\t<\/div>\n\t\t\t\t<\/div>\n\t\t<div class=\"elementor-element elementor-element-4a82fea e-con-full e-flex e-con e-child\" data-id=\"4a82fea\" data-element_type=\"container\" data-e-type=\"container\">\n\t\t\t\t<div class=\"elementor-element elementor-element-232328f elementor-widget elementor-widget-image\" data-id=\"232328f\" data-element_type=\"widget\" data-e-type=\"widget\" data-widget_type=\"image.default\">\n\t\t\t\t<div class=\"elementor-widget-container\">\n\t\t\t\t\t\t\t\t\t\t\t\t\t\t\t<img decoding=\"async\" width=\"420\" height=\"480\" src=\"https:\/\/designhubpe.com\/wp-content\/uploads\/2024\/06\/2.png\" class=\"attachment-full size-full wp-image-540\" alt=\"\" srcset=\"https:\/\/designhubpe.com\/wp-content\/uploads\/2024\/06\/2.png 420w, https:\/\/designhubpe.com\/wp-content\/uploads\/2024\/06\/2-263x300.png 263w\" sizes=\"(max-width: 420px) 100vw, 420px\" \/>\t\t\t\t\t\t\t\t\t\t\t\t\t\t\t<\/div>\n\t\t\t\t<\/div>\n\t\t\t\t<\/div>\n\t\t\t\t<\/div>\n\t\t<div class=\"elementor-element elementor-element-8ad9b87 e-con-full e-flex e-con e-child\" data-id=\"8ad9b87\" data-element_type=\"container\" data-e-type=\"container\">\n\t\t<div class=\"elementor-element elementor-element-3706a6f e-con-full e-flex e-con e-child\" data-id=\"3706a6f\" data-element_type=\"container\" data-e-type=\"container\">\n\t\t\t\t<div class=\"elementor-element elementor-element-b22bd81 elementor-widget elementor-widget-heading\" data-id=\"b22bd81\" data-element_type=\"widget\" data-e-type=\"widget\" data-widget_type=\"heading.default\">\n\t\t\t\t<div class=\"elementor-widget-container\">\n\t\t\t\t\t<div class=\"elementor-heading-title elementor-size-default\">03<\/div>\t\t\t\t<\/div>\n\t\t\t\t<\/div>\n\t\t\t\t<div class=\"elementor-element elementor-element-ed6836d elementor-widget elementor-widget-image-box\" data-id=\"ed6836d\" data-element_type=\"widget\" data-e-type=\"widget\" data-widget_type=\"image-box.default\">\n\t\t\t\t<div class=\"elementor-widget-container\">\n\t\t\t\t\t<div class=\"elementor-image-box-wrapper\"><div class=\"elementor-image-box-content\"><h2 class=\"elementor-image-box-title\">Marketing digital<\/h2><p class=\"elementor-image-box-description\">We implement customized digital marketing strategies, including Meta ads (Facebook, Instagram and WhatsApp), to increase the visibility and engagement of your audience generating more sales.<\/p><\/div><\/div>\t\t\t\t<\/div>\n\t\t\t\t<\/div>\n\t\t\t\t<\/div>\n\t\t<div class=\"elementor-element elementor-element-5da6000 e-con-full e-flex e-con e-child\" data-id=\"5da6000\" data-element_type=\"container\" data-e-type=\"container\">\n\t\t\t\t<div class=\"elementor-element elementor-element-a93acc3 elementor-widget elementor-widget-image\" data-id=\"a93acc3\" data-element_type=\"widget\" data-e-type=\"widget\" data-widget_type=\"image.default\">\n\t\t\t\t<div class=\"elementor-widget-container\">\n\t\t\t\t\t\t\t\t\t\t\t\t\t\t\t<img decoding=\"async\" width=\"420\" height=\"480\" src=\"https:\/\/designhubpe.com\/wp-content\/uploads\/2024\/06\/3.png\" class=\"attachment-full size-full wp-image-541\" alt=\"\" srcset=\"https:\/\/designhubpe.com\/wp-content\/uploads\/2024\/06\/3.png 420w, https:\/\/designhubpe.com\/wp-content\/uploads\/2024\/06\/3-263x300.png 263w\" sizes=\"(max-width: 420px) 100vw, 420px\" \/>\t\t\t\t\t\t\t\t\t\t\t\t\t\t\t<\/div>\n\t\t\t\t<\/div>\n\t\t\t\t<\/div>\n\t\t\t\t<\/div>\n\t\t<div class=\"elementor-element elementor-element-ba7084d e-con-full e-flex e-con e-child\" data-id=\"ba7084d\" data-element_type=\"container\" data-e-type=\"container\">\n\t\t<div class=\"elementor-element elementor-element-289dc2f e-con-full e-flex e-con e-child\" data-id=\"289dc2f\" data-element_type=\"container\" data-e-type=\"container\">\n\t\t\t\t<div class=\"elementor-element elementor-element-edb196f elementor-widget elementor-widget-heading\" data-id=\"edb196f\" data-element_type=\"widget\" data-e-type=\"widget\" data-widget_type=\"heading.default\">\n\t\t\t\t<div class=\"elementor-widget-container\">\n\t\t\t\t\t<div class=\"elementor-heading-title elementor-size-default\">04<\/div>\t\t\t\t<\/div>\n\t\t\t\t<\/div>\n\t\t\t\t<div class=\"elementor-element elementor-element-5cbaa13 elementor-widget elementor-widget-image-box\" data-id=\"5cbaa13\" data-element_type=\"widget\" data-e-type=\"widget\" data-widget_type=\"image-box.default\">\n\t\t\t\t<div class=\"elementor-widget-container\">\n\t\t\t\t\t<div class=\"elementor-image-box-wrapper\"><div class=\"elementor-image-box-content\"><h2 class=\"elementor-image-box-title\">Social Media Management<\/h2><p class=\"elementor-image-box-description\">We manage and optimize your social networks to build an active and loyal community around your brand.<\/p><\/div><\/div>\t\t\t\t<\/div>\n\t\t\t\t<\/div>\n\t\t\t\t<\/div>\n\t\t<div class=\"elementor-element elementor-element-f421228 e-con-full e-flex e-con e-child\" data-id=\"f421228\" data-element_type=\"container\" data-e-type=\"container\">\n\t\t\t\t<div class=\"elementor-element elementor-element-72c21bb elementor-widget elementor-widget-image\" data-id=\"72c21bb\" data-element_type=\"widget\" data-e-type=\"widget\" data-widget_type=\"image.default\">\n\t\t\t\t<div class=\"elementor-widget-container\">\n\t\t\t\t\t\t\t\t\t\t\t\t\t\t\t<img loading=\"lazy\" decoding=\"async\" width=\"420\" height=\"480\" src=\"https:\/\/designhubpe.com\/wp-content\/uploads\/2024\/06\/4.png\" class=\"attachment-full size-full wp-image-542\" alt=\"\" srcset=\"https:\/\/designhubpe.com\/wp-content\/uploads\/2024\/06\/4.png 420w, https:\/\/designhubpe.com\/wp-content\/uploads\/2024\/06\/4-263x300.png 263w\" sizes=\"(max-width: 420px) 100vw, 420px\" \/>\t\t\t\t\t\t\t\t\t\t\t\t\t\t\t<\/div>\n\t\t\t\t<\/div>\n\t\t\t\t<\/div>\n\t\t\t\t<\/div>\n\t\t\t\t\t<\/div>\n\t\t\t\t<\/div>\n\t\t<div class=\"elementor-element elementor-element-08e5007 e-flex e-con-boxed e-con e-parent\" data-id=\"08e5007\" data-element_type=\"container\" data-e-type=\"container\" data-settings=\"{&quot;background_background&quot;:&quot;classic&quot;}\">\n\t\t\t\t\t<div class=\"e-con-inner\">\n\t\t\t\t<div class=\"elementor-element elementor-element-b8bf5eb elementor-widget elementor-widget-heading\" data-id=\"b8bf5eb\" data-element_type=\"widget\" data-e-type=\"widget\" data-widget_type=\"heading.default\">\n\t\t\t\t<div class=\"elementor-widget-container\">\n\t\t\t\t\t<h2 class=\"elementor-heading-title elementor-size-default\">Convinced that calling us will highlight your company and will be your best investment.<\/h2>\t\t\t\t<\/div>\n\t\t\t\t<\/div>\n\t\t\t\t<div class=\"elementor-element elementor-element-407c19e elementor-widget elementor-widget-text-editor\" data-id=\"407c19e\" data-element_type=\"widget\" data-e-type=\"widget\" data-widget_type=\"text-editor.default\">\n\t\t\t\t<div class=\"elementor-widget-container\">\n\t\t\t\t\t\t\t\t\t<div class=\"elementor-element elementor-element-fd2b1c4 elementor-widget elementor-widget-text-editor\" data-id=\"fd2b1c4\" data-element_type=\"widget\" data-widget_type=\"text-editor.default\"><div class=\"elementor-widget-container\"><p>We are proud of your choice, we are waiting for you to position your brand.<\/p><\/div><\/div><div class=\"elementor-element elementor-element-bf0adb1 elementor-align-center elementor-widget elementor-widget-button\" data-id=\"bf0adb1\" data-element_type=\"widget\" data-widget_type=\"button.default\"><div class=\"elementor-widget-container\"><div class=\"elementor-button-wrapper\">\u00a0<\/div><\/div><\/div>\t\t\t\t\t\t\t\t<\/div>\n\t\t\t\t<\/div>\n\t\t\t\t<div class=\"elementor-element elementor-element-a6029ab elementor-align-center elementor-widget elementor-widget-button\" data-id=\"a6029ab\" data-element_type=\"widget\" data-e-type=\"widget\" data-widget_type=\"button.default\">\n\t\t\t\t<div class=\"elementor-widget-container\">\n\t\t\t\t\t\t\t\t\t<div class=\"elementor-button-wrapper\">\n\t\t\t\t\t<a class=\"elementor-button elementor-button-link elementor-size-sm\" href=\"https:\/\/api.whatsapp.com\/send?phone=51985945614&#038;text=%C2%A1Hola%2C%20Design%20Hub!%20Me%20gustar%C3%ADa%20obtener%20mayor%20informaci%C3%B3n%20de%20los%20servicios.%20%3AD\" target=\"_blank\">\n\t\t\t\t\t\t<span class=\"elementor-button-content-wrapper\">\n\t\t\t\t\t\t\t\t\t<span class=\"elementor-button-text\">Contact Us<\/span>\n\t\t\t\t\t<\/span>\n\t\t\t\t\t<\/a>\n\t\t\t\t<\/div>\n\t\t\t\t\t\t\t\t<\/div>\n\t\t\t\t<\/div>\n\t\t\t\t\t<\/div>\n\t\t\t\t<\/div>\n\t\t\t\t<\/div>","protected":false},"excerpt":{"rendered":"<p>Soluciones creativas en Dise\u00f1o Web &amp; Marketing Digital para hacer brillar tu marca 01 Dise\u00f1o de Logotipos Creamos logotipos \u00fanicos [&hellip;]<\/p>\n","protected":false},"author":1,"featured_media":0,"parent":0,"menu_order":0,"comment_status":"closed","ping_status":"closed","template":"","meta":{"_uag_custom_page_level_css":"","site-sidebar-layout":"no-sidebar","site-content-layout":"","ast-site-content-layout":"full-width-container","site-content-style":"default","site-sidebar-style":"default","ast-global-header-display":"","ast-banner-title-visibility":"","ast-main-header-display":"","ast-hfb-above-header-display":"","ast-hfb-below-header-display":"","ast-hfb-mobile-header-display":"","site-post-title":"disabled","ast-breadcrumbs-content":"","ast-featured-img":"disabled","footer-sml-layout":"","ast-disable-related-posts":"","theme-transparent-header-meta":"enabled","adv-header-id-meta":"","stick-header-meta":"","header-above-stick-meta":"","header-main-stick-meta":"","header-below-stick-meta":"","astra-migrate-meta-layouts":"default","ast-page-background-enabled":"default","ast-page-background-meta":{"desktop":{"background-color":"var(--ast-global-color-4)","background-image":"","background-repeat":"repeat","background-position":"center center","background-size":"auto","background-attachment":"scroll","background-type":"","background-media":"","overlay-type":"","overlay-color":"","overlay-opacity":"","overlay-gradient":""},"tablet":{"background-color":"","background-image":"","background-repeat":"repeat","background-position":"center center","background-size":"auto","background-attachment":"scroll","background-type":"","background-media":"","overlay-type":"","overlay-color":"","overlay-opacity":"","overlay-gradient":""},"mobile":{"background-color":"","background-image":"","background-repeat":"repeat","background-position":"center center","background-size":"auto","background-attachment":"scroll","background-type":"","background-media":"","overlay-type":"","overlay-color":"","overlay-opacity":"","overlay-gradient":""}},"ast-content-background-meta":{"desktop":{"background-color":"var(--ast-global-color-5)","background-image":"","background-repeat":"repeat","background-position":"center center","background-size":"auto","background-attachment":"scroll","background-type":"","background-media":"","overlay-type":"","overlay-color":"","overlay-opacity":"","overlay-gradient":""},"tablet":{"background-color":"var(--ast-global-color-5)","background-image":"","background-repeat":"repeat","background-position":"center center","background-size":"auto","background-attachment":"scroll","background-type":"","background-media":"","overlay-type":"","overlay-color":"","overlay-opacity":"","overlay-gradient":""},"mobile":{"background-color":"var(--ast-global-color-5)","background-image":"","background-repeat":"repeat","background-position":"center center","background-size":"auto","background-attachment":"scroll","background-type":"","background-media":"","overlay-type":"","overlay-color":"","overlay-opacity":"","overlay-gradient":""}},"_joinchat":[],"footnotes":""},"class_list":["post-22","page","type-page","status-publish","hentry"],"yoast_head":"<!-- This site is optimized with the Yoast SEO plugin v27.4 - https:\/\/yoast.com\/product\/yoast-seo-wordpress\/ -->\n<title>Servicios - Design Hub<\/title>\n<meta name=\"robots\" content=\"index, follow, max-snippet:-1, max-image-preview:large, max-video-preview:-1\" \/>\n<link rel=\"canonical\" href=\"https:\/\/designhubpe.com\/en\/servicios\/\" \/>\n<meta property=\"og:locale\" content=\"en_US\" \/>\n<meta property=\"og:type\" content=\"article\" \/>\n<meta property=\"og:title\" content=\"Servicios - Design Hub\" \/>\n<meta property=\"og:description\" content=\"Soluciones creativas en Dise\u00f1o Web &amp; Marketing Digital para hacer brillar tu marca 01 Dise\u00f1o de Logotipos Creamos logotipos \u00fanicos [&hellip;]\" \/>\n<meta property=\"og:url\" content=\"https:\/\/designhubpe.com\/en\/servicios\/\" \/>\n<meta property=\"og:site_name\" content=\"Design Hub\" \/>\n<meta property=\"article:publisher\" content=\"https:\/\/www.facebook.com\/profile.php?id=61556551120581\" \/>\n<meta property=\"article:modified_time\" content=\"2024-09-30T10:23:21+00:00\" \/>\n<meta property=\"og:image\" content=\"https:\/\/designhubpe.com\/wp-content\/uploads\/2024\/06\/1.png\" \/>\n<meta name=\"twitter:card\" content=\"summary_large_image\" \/>\n<meta name=\"twitter:label1\" content=\"Est. reading time\" \/>\n\t<meta name=\"twitter:data1\" content=\"2 minutes\" \/>\n<script type=\"application\/ld+json\" class=\"yoast-schema-graph\">{\"@context\":\"https:\\\/\\\/schema.org\",\"@graph\":[{\"@type\":\"WebPage\",\"@id\":\"https:\\\/\\\/designhubpe.com\\\/servicios\\\/\",\"url\":\"https:\\\/\\\/designhubpe.com\\\/servicios\\\/\",\"name\":\"Servicios - Design Hub\",\"isPartOf\":{\"@id\":\"https:\\\/\\\/designhubpe.com\\\/en\\\/#website\"},\"primaryImageOfPage\":{\"@id\":\"https:\\\/\\\/designhubpe.com\\\/servicios\\\/#primaryimage\"},\"image\":{\"@id\":\"https:\\\/\\\/designhubpe.com\\\/servicios\\\/#primaryimage\"},\"thumbnailUrl\":\"https:\\\/\\\/designhubpe.com\\\/wp-content\\\/uploads\\\/2024\\\/06\\\/1.png\",\"datePublished\":\"2024-05-28T03:50:34+00:00\",\"dateModified\":\"2024-09-30T10:23:21+00:00\",\"breadcrumb\":{\"@id\":\"https:\\\/\\\/designhubpe.com\\\/servicios\\\/#breadcrumb\"},\"inLanguage\":\"en-US\",\"potentialAction\":[{\"@type\":\"ReadAction\",\"target\":[\"https:\\\/\\\/designhubpe.com\\\/servicios\\\/\"]}]},{\"@type\":\"ImageObject\",\"inLanguage\":\"en-US\",\"@id\":\"https:\\\/\\\/designhubpe.com\\\/servicios\\\/#primaryimage\",\"url\":\"https:\\\/\\\/designhubpe.com\\\/wp-content\\\/uploads\\\/2024\\\/06\\\/1.png\",\"contentUrl\":\"https:\\\/\\\/designhubpe.com\\\/wp-content\\\/uploads\\\/2024\\\/06\\\/1.png\"},{\"@type\":\"BreadcrumbList\",\"@id\":\"https:\\\/\\\/designhubpe.com\\\/servicios\\\/#breadcrumb\",\"itemListElement\":[{\"@type\":\"ListItem\",\"position\":1,\"name\":\"Portada\",\"item\":\"https:\\\/\\\/designhubpe.com\\\/\"},{\"@type\":\"ListItem\",\"position\":2,\"name\":\"Servicios\"}]},{\"@type\":\"WebSite\",\"@id\":\"https:\\\/\\\/designhubpe.com\\\/en\\\/#website\",\"url\":\"https:\\\/\\\/designhubpe.com\\\/en\\\/\",\"name\":\"Design Hub\",\"description\":\"Tu Negocio Digital\",\"publisher\":{\"@id\":\"https:\\\/\\\/designhubpe.com\\\/en\\\/#organization\"},\"potentialAction\":[{\"@type\":\"SearchAction\",\"target\":{\"@type\":\"EntryPoint\",\"urlTemplate\":\"https:\\\/\\\/designhubpe.com\\\/en\\\/?s={search_term_string}\"},\"query-input\":{\"@type\":\"PropertyValueSpecification\",\"valueRequired\":true,\"valueName\":\"search_term_string\"}}],\"inLanguage\":\"en-US\"},{\"@type\":\"Organization\",\"@id\":\"https:\\\/\\\/designhubpe.com\\\/en\\\/#organization\",\"name\":\"Design Hub\",\"url\":\"https:\\\/\\\/designhubpe.com\\\/en\\\/\",\"logo\":{\"@type\":\"ImageObject\",\"inLanguage\":\"en-US\",\"@id\":\"https:\\\/\\\/designhubpe.com\\\/en\\\/#\\\/schema\\\/logo\\\/image\\\/\",\"url\":\"https:\\\/\\\/designhubpe.com\\\/wp-content\\\/uploads\\\/2024\\\/09\\\/cropped-des-1.png\",\"contentUrl\":\"https:\\\/\\\/designhubpe.com\\\/wp-content\\\/uploads\\\/2024\\\/09\\\/cropped-des-1.png\",\"width\":500,\"height\":280,\"caption\":\"Design Hub\"},\"image\":{\"@id\":\"https:\\\/\\\/designhubpe.com\\\/en\\\/#\\\/schema\\\/logo\\\/image\\\/\"},\"sameAs\":[\"https:\\\/\\\/www.facebook.com\\\/profile.php?id=61556551120581\"]}]}<\/script>\n<!-- \/ Yoast SEO plugin. -->","yoast_head_json":{"title":"Servicios - Design Hub","robots":{"index":"index","follow":"follow","max-snippet":"max-snippet:-1","max-image-preview":"max-image-preview:large","max-video-preview":"max-video-preview:-1"},"canonical":"https:\/\/designhubpe.com\/en\/servicios\/","og_locale":"en_US","og_type":"article","og_title":"Servicios - Design Hub","og_description":"Soluciones creativas en Dise\u00f1o Web &amp; Marketing Digital para hacer brillar tu marca 01 Dise\u00f1o de Logotipos Creamos logotipos \u00fanicos [&hellip;]","og_url":"https:\/\/designhubpe.com\/en\/servicios\/","og_site_name":"Design Hub","article_publisher":"https:\/\/www.facebook.com\/profile.php?id=61556551120581","article_modified_time":"2024-09-30T10:23:21+00:00","og_image":[{"url":"https:\/\/designhubpe.com\/wp-content\/uploads\/2024\/06\/1.png","type":"","width":"","height":""}],"twitter_card":"summary_large_image","twitter_misc":{"Est. reading time":"2 minutes"},"schema":{"@context":"https:\/\/schema.org","@graph":[{"@type":"WebPage","@id":"https:\/\/designhubpe.com\/servicios\/","url":"https:\/\/designhubpe.com\/servicios\/","name":"Servicios - Design Hub","isPartOf":{"@id":"https:\/\/designhubpe.com\/en\/#website"},"primaryImageOfPage":{"@id":"https:\/\/designhubpe.com\/servicios\/#primaryimage"},"image":{"@id":"https:\/\/designhubpe.com\/servicios\/#primaryimage"},"thumbnailUrl":"https:\/\/designhubpe.com\/wp-content\/uploads\/2024\/06\/1.png","datePublished":"2024-05-28T03:50:34+00:00","dateModified":"2024-09-30T10:23:21+00:00","breadcrumb":{"@id":"https:\/\/designhubpe.com\/servicios\/#breadcrumb"},"inLanguage":"en-US","potentialAction":[{"@type":"ReadAction","target":["https:\/\/designhubpe.com\/servicios\/"]}]},{"@type":"ImageObject","inLanguage":"en-US","@id":"https:\/\/designhubpe.com\/servicios\/#primaryimage","url":"https:\/\/designhubpe.com\/wp-content\/uploads\/2024\/06\/1.png","contentUrl":"https:\/\/designhubpe.com\/wp-content\/uploads\/2024\/06\/1.png"},{"@type":"BreadcrumbList","@id":"https:\/\/designhubpe.com\/servicios\/#breadcrumb","itemListElement":[{"@type":"ListItem","position":1,"name":"Portada","item":"https:\/\/designhubpe.com\/"},{"@type":"ListItem","position":2,"name":"Servicios"}]},{"@type":"WebSite","@id":"https:\/\/designhubpe.com\/en\/#website","url":"https:\/\/designhubpe.com\/en\/","name":"Design Hub","description":"Tu Negocio Digital","publisher":{"@id":"https:\/\/designhubpe.com\/en\/#organization"},"potentialAction":[{"@type":"SearchAction","target":{"@type":"EntryPoint","urlTemplate":"https:\/\/designhubpe.com\/en\/?s={search_term_string}"},"query-input":{"@type":"PropertyValueSpecification","valueRequired":true,"valueName":"search_term_string"}}],"inLanguage":"en-US"},{"@type":"Organization","@id":"https:\/\/designhubpe.com\/en\/#organization","name":"Design Hub","url":"https:\/\/designhubpe.com\/en\/","logo":{"@type":"ImageObject","inLanguage":"en-US","@id":"https:\/\/designhubpe.com\/en\/#\/schema\/logo\/image\/","url":"https:\/\/designhubpe.com\/wp-content\/uploads\/2024\/09\/cropped-des-1.png","contentUrl":"https:\/\/designhubpe.com\/wp-content\/uploads\/2024\/09\/cropped-des-1.png","width":500,"height":280,"caption":"Design Hub"},"image":{"@id":"https:\/\/designhubpe.com\/en\/#\/schema\/logo\/image\/"},"sameAs":["https:\/\/www.facebook.com\/profile.php?id=61556551120581"]}]}},"uagb_featured_image_src":{"full":false,"thumbnail":false,"medium":false,"medium_large":false,"large":false,"1536x1536":false,"2048x2048":false,"trp-custom-language-flag":false},"uagb_author_info":{"display_name":"Designhub","author_link":"https:\/\/designhubpe.com\/en\/author\/designhub\/"},"uagb_comment_info":0,"uagb_excerpt":"Soluciones creativas en Dise\u00f1o Web &amp; Marketing Digital para hacer brillar tu marca 01 Dise\u00f1o de Logotipos Creamos logotipos \u00fanicos [&hellip;]","_links":{"self":[{"href":"https:\/\/designhubpe.com\/en\/wp-json\/wp\/v2\/pages\/22","targetHints":{"allow":["GET"]}}],"collection":[{"href":"https:\/\/designhubpe.com\/en\/wp-json\/wp\/v2\/pages"}],"about":[{"href":"https:\/\/designhubpe.com\/en\/wp-json\/wp\/v2\/types\/page"}],"author":[{"embeddable":true,"href":"https:\/\/designhubpe.com\/en\/wp-json\/wp\/v2\/users\/1"}],"replies":[{"embeddable":true,"href":"https:\/\/designhubpe.com\/en\/wp-json\/wp\/v2\/comments?post=22"}],"version-history":[{"count":19,"href":"https:\/\/designhubpe.com\/en\/wp-json\/wp\/v2\/pages\/22\/revisions"}],"predecessor-version":[{"id":602,"href":"https:\/\/designhubpe.com\/en\/wp-json\/wp\/v2\/pages\/22\/revisions\/602"}],"wp:attachment":[{"href":"https:\/\/designhubpe.com\/en\/wp-json\/wp\/v2\/media?parent=22"}],"curies":[{"name":"wp","href":"https:\/\/api.w.org\/{rel}","templated":true}]}}